{"id":1453,"date":"2020-04-30T11:12:41","date_gmt":"2020-04-30T11:12:41","guid":{"rendered":"https:\/\/assessoriacarlesmontero.com\/?page_id=1453"},"modified":"2025-05-09T15:00:08","modified_gmt":"2025-05-09T15:00:08","slug":"contacts","status":"publish","type":"page","link":"https:\/\/assessoriacarlesmontero.com\/ca\/contacts\/","title":{"rendered":"Contacte"},"content":{"rendered":"<div data-elementor-type=\"wp-page\" data-elementor-id=\"1453\" class=\"elementor elementor-1453\">\n\t\t\t\t\t\t<section class=\"elementor-section elementor-top-section elementor-element elementor-element-21007b6 elementor-section-stretched scheme_light elementor-section-boxed elementor-section-height-default elementor-section-height-default sc_fly_static\" data-id=\"21007b6\" data-element_type=\"section\" data-e-type=\"section\" data-settings=\"{&quot;stretch_section&quot;:&quot;section-stretched&quot;,&quot;background_background&quot;:&quot;classic&quot;}\">\n\t\t\t\t\t\t\t<div class=\"elementor-background-overlay\"><\/div>\n\t\t\t\t\t\t\t<div class=\"elementor-container elementor-column-gap-extended\">\n\t\t\t\t\t<div class=\"elementor-column elementor-col-100 elementor-top-column elementor-element elementor-element-cfe325e sc_inner_width_none sc_content_align_inherit sc_layouts_column_icons_position_left sc_fly_static\" data-id=\"cfe325e\" data-element_type=\"column\" data-e-type=\"column\">\n\t\t\t<div class=\"elementor-widget-wrap elementor-element-populated\">\n\t\t\t\t\t\t<div class=\"elementor-element elementor-element-5a2bf65 sc_height_large sc_fly_static elementor-widget elementor-widget-spacer\" data-id=\"5a2bf65\" data-element_type=\"widget\" data-e-type=\"widget\" data-widget_type=\"spacer.default\">\n\t\t\t\t<div class=\"elementor-widget-container\">\n\t\t\t\t\t\t\t<div class=\"elementor-spacer\">\n\t\t\t<div class=\"elementor-spacer-inner\"><\/div>\n\t\t<\/div>\n\t\t\t\t\t\t<\/div>\n\t\t\t\t<\/div>\n\t\t\t\t<div class=\"elementor-element elementor-element-9a9945c sc_layouts_hide_on_mobile sc_layouts_hide_on_tablet sc_fly_static elementor-widget elementor-widget-spacer\" data-id=\"9a9945c\" data-element_type=\"widget\" data-e-type=\"widget\" data-widget_type=\"spacer.default\">\n\t\t\t\t<div class=\"elementor-widget-container\">\n\t\t\t\t\t\t\t<div class=\"elementor-spacer\">\n\t\t\t<div class=\"elementor-spacer-inner\"><\/div>\n\t\t<\/div>\n\t\t\t\t\t\t<\/div>\n\t\t\t\t<\/div>\n\t\t\t\t<section class=\"elementor-section elementor-inner-section elementor-element elementor-element-154b1c3 elementor-section-boxed elementor-section-height-default elementor-section-height-default sc_fly_static\" data-id=\"154b1c3\" data-element_type=\"section\" data-e-type=\"section\">\n\t\t\t\t\t\t<div class=\"elementor-container elementor-column-gap-extended\">\n\t\t\t\t\t<div class=\"elementor-column elementor-col-50 elementor-inner-column elementor-element elementor-element-2b931a8 sc_inner_width_none sc_content_align_inherit sc_layouts_column_icons_position_left sc_fly_static\" data-id=\"2b931a8\" data-element_type=\"column\" data-e-type=\"column\">\n\t\t\t<div class=\"elementor-widget-wrap elementor-element-populated\">\n\t\t\t\t\t\t<div class=\"elementor-element elementor-element-259dfde sc_fly_static elementor-widget elementor-widget-trx_sc_title\" data-id=\"259dfde\" data-element_type=\"widget\" data-e-type=\"widget\" data-widget_type=\"trx_sc_title.default\">\n\t\t\t\t<div class=\"elementor-widget-container\">\n\t\t\t\t\t<div\t\tclass=\"sc_title sc_title_default\" ><span class=\"sc_item_subtitle sc_title_subtitle sc_item_subtitle_above sc_item_title_style_default\">CONTACTE<\/span><h1 class=\"sc_item_title sc_title_title sc_item_title_style_default sc_item_title_tag\"\n\t\t\t><span class=\"sc_item_title_text\">M\u00c9S INFORMACI\u00d3? CONTACTI'M<\/span><\/h1><div class=\"sc_item_descr sc_title_descr\"><p>No dubti a posar-se en contacte en qualsevol moment. Estar\u00e9 encantat d'ajudar-lo sobre qualsevol pregunta que pugui tenir.<\/p>\n<\/div><\/div>\t\t\t\t<\/div>\n\t\t\t\t<\/div>\n\t\t\t\t<div class=\"elementor-element elementor-element-3ec3146 sc_fly_static elementor-widget elementor-widget-spacer\" data-id=\"3ec3146\" data-element_type=\"widget\" data-e-type=\"widget\" data-widget_type=\"spacer.default\">\n\t\t\t\t<div class=\"elementor-widget-container\">\n\t\t\t\t\t\t\t<div class=\"elementor-spacer\">\n\t\t\t<div class=\"elementor-spacer-inner\"><\/div>\n\t\t<\/div>\n\t\t\t\t\t\t<\/div>\n\t\t\t\t<\/div>\n\t\t\t\t<div class=\"elementor-element elementor-element-b210135 sc_fly_static elementor-widget elementor-widget-trx_sc_icons\" data-id=\"b210135\" data-element_type=\"widget\" data-e-type=\"widget\" data-widget_type=\"trx_sc_icons.default\">\n\t\t\t\t<div class=\"elementor-widget-container\">\n\t\t\t\t\t<div \tclass=\"sc_icons sc_icons_simple sc_icons_size_small sc_align_none\" ><div class=\"sc_icons_item with_more\"><div class=\"sc_icons_icon sc_icon_type_ icon-marker\" ><span class=\"sc_icon_type_ icon-marker\"><\/span><\/div><div class=\"sc_icons_item_details\"><div class=\"sc_icons_item_description\"><span>Passeig Sant Joan, 196 1\u00ba3\u00aa<\/span><span>08037 Barcelona<\/span><\/div><\/div><\/div><div class=\"sc_icons_item sc_icons_item_linked with_more\"><div class=\"sc_icons_icon sc_icon_type_ icon-iphone\" ><span class=\"sc_icon_type_ icon-iphone\"><\/span><\/div><div class=\"sc_icons_item_details\"><a href=\"tel:699%2062%2054%2051\" class=\"sc_icons_item_more_link\">\n                        <span class=\"link_text\">699 62 54 51<\/span><span class=\"link_icon\"><\/span>\n                        <\/a><a href=\"tel:699%2062%2054%2051\"\n                        class=\"sc_icons_item_link\">\n                        <\/a><\/div><\/div><div class=\"sc_icons_item\"><div class=\"sc_icons_icon sc_icon_type_ icon-envelope-2\" ><span class=\"sc_icon_type_ icon-envelope-2\"><\/span><\/div><div class=\"sc_icons_item_details\"><div class=\"sc_icons_item_description\"><span><a href=\"mailto:<\/span><span>carlesmmmbbb@gmail.com\"><\/span><span>carlesmmmbbb@gmail.com<\/a><\/span><\/div><\/div><\/div><\/div><!-- \/.sc_icons -->\t\t\t\t<\/div>\n\t\t\t\t<\/div>\n\t\t\t\t\t<\/div>\n\t\t<\/div>\n\t\t\t\t<div class=\"elementor-column elementor-col-50 elementor-inner-column elementor-element elementor-element-6f51ef1 sc_inner_width_none sc_content_align_inherit sc_layouts_column_icons_position_left sc_fly_static\" data-id=\"6f51ef1\" data-element_type=\"column\" data-e-type=\"column\">\n\t\t\t<div class=\"elementor-widget-wrap elementor-element-populated\">\n\t\t\t\t\t\t<div class=\"elementor-element elementor-element-a1d05b9 sc_layouts_hide_on_mobile sc_fly_static elementor-widget elementor-widget-spacer\" data-id=\"a1d05b9\" data-element_type=\"widget\" data-e-type=\"widget\" data-widget_type=\"spacer.default\">\n\t\t\t\t<div class=\"elementor-widget-container\">\n\t\t\t\t\t\t\t<div class=\"elementor-spacer\">\n\t\t\t<div class=\"elementor-spacer-inner\"><\/div>\n\t\t<\/div>\n\t\t\t\t\t\t<\/div>\n\t\t\t\t<\/div>\n\t\t\t\t\t<\/div>\n\t\t<\/div>\n\t\t\t\t\t<\/div>\n\t\t<\/section>\n\t\t\t\t<div class=\"elementor-element elementor-element-ed84d57 sc_height_huge sc_fly_static elementor-widget elementor-widget-spacer\" data-id=\"ed84d57\" data-element_type=\"widget\" data-e-type=\"widget\" data-widget_type=\"spacer.default\">\n\t\t\t\t<div class=\"elementor-widget-container\">\n\t\t\t\t\t\t\t<div class=\"elementor-spacer\">\n\t\t\t<div class=\"elementor-spacer-inner\"><\/div>\n\t\t<\/div>\n\t\t\t\t\t\t<\/div>\n\t\t\t\t<\/div>\n\t\t\t\t\t<\/div>\n\t\t<\/div>\n\t\t\t\t\t<\/div>\n\t\t<\/section>\n\t\t\t\t<section class=\"elementor-section elementor-top-section elementor-element elementor-element-b35b84a elementor-section-stretched elementor-section-full_width elementor-section-height-default elementor-section-height-default sc_fly_static\" data-id=\"b35b84a\" data-element_type=\"section\" data-e-type=\"section\" data-settings=\"{&quot;stretch_section&quot;:&quot;section-stretched&quot;,&quot;background_background&quot;:&quot;classic&quot;}\">\n\t\t\t\t\t\t<div class=\"elementor-container elementor-column-gap-no\">\n\t\t\t\t\t<div class=\"elementor-column elementor-col-100 elementor-top-column elementor-element elementor-element-d92b45a sc_inner_width_none sc_content_align_inherit sc_layouts_column_icons_position_left sc_fly_static\" data-id=\"d92b45a\" data-element_type=\"column\" data-e-type=\"column\">\n\t\t\t<div class=\"elementor-widget-wrap elementor-element-populated\">\n\t\t\t\t\t\t<div class=\"elementor-element elementor-element-0a4c225 sc_fly_static elementor-widget elementor-widget-trx_sc_googlemap\" data-id=\"0a4c225\" data-element_type=\"widget\" data-e-type=\"widget\" data-widget_type=\"trx_sc_googlemap.default\">\n\t\t\t\t<div class=\"elementor-widget-container\">\n\t\t\t\t\t<div id=\"sc_googlemap_520213600_wrap\" class=\"sc_googlemap_wrap\"><div id=\"sc_googlemap_520213600\"\t\t\tclass=\"sc_item_content sc_map sc_googlemap sc_googlemap_default trx_addons_inline_198378833\"\n\t\t\t \t\t\tdata-zoom=\"17\"\n\t\t\tdata-center=\"\"\n\t\t\tdata-style=\"extra\"\n\t\t\tdata-cluster-icon=\"\"\n\t\t\t><iframe\n\t\t\t\t\t\tsrc=\"https:\/\/maps.google.com\/maps?t=m&output=embed&iwloc=near&z=17&q=Passeig+Sant+Joan%2C+196+08037+Barcelona+spain\"\n\t\t\t\t\t\taria-label=\"\"><\/iframe><\/div><\/div>\t\t\t\t<\/div>\n\t\t\t\t<\/div>\n\t\t\t\t\t<\/div>\n\t\t<\/div>\n\t\t\t\t\t<\/div>\n\t\t<\/section>\n\t\t\t\t<\/div>","protected":false},"excerpt":{"rendered":"<p>CONTACTO \u00bfM\u00c1S INFORMACI\u00d3N? CONT\u00c1CTEME No dude en ponerse en contacto en cualquier momento. Estar\u00e9 encantado de ayudarle sobre cualquier pregunta que pueda tener. Passeig Sant Joan, 196 1\u00ba3\u00aa08037 Barcelona 699&hellip;<\/p>","protected":false},"author":1,"featured_media":0,"parent":0,"menu_order":0,"comment_status":"closed","ping_status":"closed","template":"","meta":{"footnotes":""},"class_list":["post-1453","page","type-page","status-publish","hentry"],"yoast_head":"<!-- This site is optimized with the Yoast SEO plugin v27.4 - https:\/\/yoast.com\/product\/yoast-seo-wordpress\/ -->\n<title>Contacts - Carles Montero | Gestor&iacute;a asesor&iacute;a en Gr&agrave;cia<\/title>\n<meta name=\"robots\" content=\"index, follow, max-snippet:-1, max-image-preview:large, max-video-preview:-1\" \/>\n<link rel=\"canonical\" href=\"https:\/\/assessoriacarlesmontero.com\/ca\/contacts\/\" \/>\n<meta property=\"og:locale\" content=\"ca_ES\" \/>\n<meta property=\"og:type\" content=\"article\" \/>\n<meta property=\"og:title\" content=\"Contacts - Carles Montero | Gestor&iacute;a asesor&iacute;a en Gr&agrave;cia\" \/>\n<meta property=\"og:description\" content=\"CONTACTO \u00bfM\u00c1S INFORMACI\u00d3N? CONT\u00c1CTEME No dude en ponerse en contacto en cualquier momento. Estar\u00e9 encantado de ayudarle sobre cualquier pregunta que pueda tener. Passeig Sant Joan, 196 1\u00ba3\u00aa08037 Barcelona 699&hellip;\" \/>\n<meta property=\"og:url\" content=\"https:\/\/assessoriacarlesmontero.com\/ca\/contacts\/\" \/>\n<meta property=\"og:site_name\" content=\"Carles Montero | Gestor&iacute;a asesor&iacute;a en Gr&agrave;cia\" \/>\n<meta property=\"article:modified_time\" content=\"2025-05-09T15:00:08+00:00\" \/>\n<meta name=\"twitter:card\" content=\"summary_large_image\" \/>\n<meta name=\"twitter:label1\" content=\"Temps estimat de lectura\" \/>\n\t<meta name=\"twitter:data1\" content=\"1 minut\" \/>\n<script type=\"application\/ld+json\" class=\"yoast-schema-graph\">{\"@context\":\"https:\\\/\\\/schema.org\",\"@graph\":[{\"@type\":\"WebPage\",\"@id\":\"https:\\\/\\\/assessoriacarlesmontero.com\\\/contacts\\\/\",\"url\":\"https:\\\/\\\/assessoriacarlesmontero.com\\\/contacts\\\/\",\"name\":\"Contacts - Carles Montero | Gestor&iacute;a asesor&iacute;a en Gr&agrave;cia\",\"isPartOf\":{\"@id\":\"https:\\\/\\\/assessoriacarlesmontero.com\\\/#website\"},\"datePublished\":\"2020-04-30T11:12:41+00:00\",\"dateModified\":\"2025-05-09T15:00:08+00:00\",\"breadcrumb\":{\"@id\":\"https:\\\/\\\/assessoriacarlesmontero.com\\\/contacts\\\/#breadcrumb\"},\"inLanguage\":\"ca\",\"potentialAction\":[{\"@type\":\"ReadAction\",\"target\":[\"https:\\\/\\\/assessoriacarlesmontero.com\\\/contacts\\\/\"]}]},{\"@type\":\"BreadcrumbList\",\"@id\":\"https:\\\/\\\/assessoriacarlesmontero.com\\\/contacts\\\/#breadcrumb\",\"itemListElement\":[{\"@type\":\"ListItem\",\"position\":1,\"name\":\"Portada\",\"item\":\"https:\\\/\\\/assessoriacarlesmontero.com\\\/\"},{\"@type\":\"ListItem\",\"position\":2,\"name\":\"Contacts\"}]},{\"@type\":\"WebSite\",\"@id\":\"https:\\\/\\\/assessoriacarlesmontero.com\\\/#website\",\"url\":\"https:\\\/\\\/assessoriacarlesmontero.com\\\/\",\"name\":\"Carles Montero | Gestor&iacute;a asesor&iacute;a en Gr&agrave;cia\",\"description\":\"Carles Montero | Gestor&iacute;a asesor&iacute;a en Gr&agrave;cia\",\"publisher\":{\"@id\":\"https:\\\/\\\/assessoriacarlesmontero.com\\\/#organization\"},\"potentialAction\":[{\"@type\":\"SearchAction\",\"target\":{\"@type\":\"EntryPoint\",\"urlTemplate\":\"https:\\\/\\\/assessoriacarlesmontero.com\\\/?s={search_term_string}\"},\"query-input\":{\"@type\":\"PropertyValueSpecification\",\"valueRequired\":true,\"valueName\":\"search_term_string\"}}],\"inLanguage\":\"ca\"},{\"@type\":\"Organization\",\"@id\":\"https:\\\/\\\/assessoriacarlesmontero.com\\\/#organization\",\"name\":\"Carles Montero | Gestor&iacute;a asesor&iacute;a en Gr&agrave;cia\",\"url\":\"https:\\\/\\\/assessoriacarlesmontero.com\\\/\",\"logo\":{\"@type\":\"ImageObject\",\"inLanguage\":\"ca\",\"@id\":\"https:\\\/\\\/assessoriacarlesmontero.com\\\/#\\\/schema\\\/logo\\\/image\\\/\",\"url\":\"https:\\\/\\\/assessoriacarlesmontero.com\\\/wp-content\\\/uploads\\\/2023\\\/06\\\/logo-carles-montero.png\",\"contentUrl\":\"https:\\\/\\\/assessoriacarlesmontero.com\\\/wp-content\\\/uploads\\\/2023\\\/06\\\/logo-carles-montero.png\",\"width\":250,\"height\":69,\"caption\":\"Carles Montero | Gestor&iacute;a asesor&iacute;a en Gr&agrave;cia\"},\"image\":{\"@id\":\"https:\\\/\\\/assessoriacarlesmontero.com\\\/#\\\/schema\\\/logo\\\/image\\\/\"}}]}<\/script>\n<!-- \/ Yoast SEO plugin. -->","yoast_head_json":{"title":"Contacts - Carles Montero | Gestor&iacute;a asesor&iacute;a en Gr&agrave;cia","robots":{"index":"index","follow":"follow","max-snippet":"max-snippet:-1","max-image-preview":"max-image-preview:large","max-video-preview":"max-video-preview:-1"},"canonical":"https:\/\/assessoriacarlesmontero.com\/ca\/contacts\/","og_locale":"ca_ES","og_type":"article","og_title":"Contacts - Carles Montero | Gestor&iacute;a asesor&iacute;a en Gr&agrave;cia","og_description":"CONTACTO \u00bfM\u00c1S INFORMACI\u00d3N? CONT\u00c1CTEME No dude en ponerse en contacto en cualquier momento. Estar\u00e9 encantado de ayudarle sobre cualquier pregunta que pueda tener. Passeig Sant Joan, 196 1\u00ba3\u00aa08037 Barcelona 699&hellip;","og_url":"https:\/\/assessoriacarlesmontero.com\/ca\/contacts\/","og_site_name":"Carles Montero | Gestor&iacute;a asesor&iacute;a en Gr&agrave;cia","article_modified_time":"2025-05-09T15:00:08+00:00","twitter_card":"summary_large_image","twitter_misc":{"Temps estimat de lectura":"1 minut"},"schema":{"@context":"https:\/\/schema.org","@graph":[{"@type":"WebPage","@id":"https:\/\/assessoriacarlesmontero.com\/contacts\/","url":"https:\/\/assessoriacarlesmontero.com\/contacts\/","name":"Contacts - Carles Montero | Gestor&iacute;a asesor&iacute;a en Gr&agrave;cia","isPartOf":{"@id":"https:\/\/assessoriacarlesmontero.com\/#website"},"datePublished":"2020-04-30T11:12:41+00:00","dateModified":"2025-05-09T15:00:08+00:00","breadcrumb":{"@id":"https:\/\/assessoriacarlesmontero.com\/contacts\/#breadcrumb"},"inLanguage":"ca","potentialAction":[{"@type":"ReadAction","target":["https:\/\/assessoriacarlesmontero.com\/contacts\/"]}]},{"@type":"BreadcrumbList","@id":"https:\/\/assessoriacarlesmontero.com\/contacts\/#breadcrumb","itemListElement":[{"@type":"ListItem","position":1,"name":"Portada","item":"https:\/\/assessoriacarlesmontero.com\/"},{"@type":"ListItem","position":2,"name":"Contacts"}]},{"@type":"WebSite","@id":"https:\/\/assessoriacarlesmontero.com\/#website","url":"https:\/\/assessoriacarlesmontero.com\/","name":"Carles Montero | Gestor&iacute;a asesor&iacute;a en Gr&agrave;cia","description":"Carles Montero | Gestor&iacute;a asesor&iacute;a en Gr&agrave;cia","publisher":{"@id":"https:\/\/assessoriacarlesmontero.com\/#organization"},"potentialAction":[{"@type":"SearchAction","target":{"@type":"EntryPoint","urlTemplate":"https:\/\/assessoriacarlesmontero.com\/?s={search_term_string}"},"query-input":{"@type":"PropertyValueSpecification","valueRequired":true,"valueName":"search_term_string"}}],"inLanguage":"ca"},{"@type":"Organization","@id":"https:\/\/assessoriacarlesmontero.com\/#organization","name":"Carles Montero | Gestor&iacute;a asesor&iacute;a en Gr&agrave;cia","url":"https:\/\/assessoriacarlesmontero.com\/","logo":{"@type":"ImageObject","inLanguage":"ca","@id":"https:\/\/assessoriacarlesmontero.com\/#\/schema\/logo\/image\/","url":"https:\/\/assessoriacarlesmontero.com\/wp-content\/uploads\/2023\/06\/logo-carles-montero.png","contentUrl":"https:\/\/assessoriacarlesmontero.com\/wp-content\/uploads\/2023\/06\/logo-carles-montero.png","width":250,"height":69,"caption":"Carles Montero | Gestor&iacute;a asesor&iacute;a en Gr&agrave;cia"},"image":{"@id":"https:\/\/assessoriacarlesmontero.com\/#\/schema\/logo\/image\/"}}]}},"_links":{"self":[{"href":"https:\/\/assessoriacarlesmontero.com\/ca\/wp-json\/wp\/v2\/pages\/1453","targetHints":{"allow":["GET"]}}],"collection":[{"href":"https:\/\/assessoriacarlesmontero.com\/ca\/wp-json\/wp\/v2\/pages"}],"about":[{"href":"https:\/\/assessoriacarlesmontero.com\/ca\/wp-json\/wp\/v2\/types\/page"}],"author":[{"embeddable":true,"href":"https:\/\/assessoriacarlesmontero.com\/ca\/wp-json\/wp\/v2\/users\/1"}],"replies":[{"embeddable":true,"href":"https:\/\/assessoriacarlesmontero.com\/ca\/wp-json\/wp\/v2\/comments?post=1453"}],"version-history":[{"count":18,"href":"https:\/\/assessoriacarlesmontero.com\/ca\/wp-json\/wp\/v2\/pages\/1453\/revisions"}],"predecessor-version":[{"id":20831,"href":"https:\/\/assessoriacarlesmontero.com\/ca\/wp-json\/wp\/v2\/pages\/1453\/revisions\/20831"}],"wp:attachment":[{"href":"https:\/\/assessoriacarlesmontero.com\/ca\/wp-json\/wp\/v2\/media?parent=1453"}],"curies":[{"name":"wp","href":"https:\/\/api.w.org\/{rel}","templated":true}]}}