{"id":3068,"date":"2020-05-20T13:00:15","date_gmt":"2020-05-20T13:00:15","guid":{"rendered":"https:\/\/assessoriacarlesmontero.com\/?page_id=3068"},"modified":"2023-06-07T10:52:06","modified_gmt":"2023-06-07T10:52:06","slug":"cases-1","status":"publish","type":"page","link":"https:\/\/assessoriacarlesmontero.com\/ca\/cases-1\/","title":{"rendered":"Blog"},"content":{"rendered":"<div data-elementor-type=\"wp-page\" data-elementor-id=\"3068\" class=\"elementor elementor-3068\">\n\t\t\t\t\t\t<section class=\"elementor-section elementor-top-section elementor-element elementor-element-e530a61 elementor-section-boxed elementor-section-height-default elementor-section-height-default sc_fly_static\" data-id=\"e530a61\" data-element_type=\"section\" data-e-type=\"section\">\n\t\t\t\t\t\t<div class=\"elementor-container elementor-column-gap-extended\">\n\t\t\t\t\t<div class=\"elementor-column elementor-col-100 elementor-top-column elementor-element elementor-element-a799c52 sc_inner_width_none sc_content_align_inherit sc_layouts_column_icons_position_left sc_fly_static\" data-id=\"a799c52\" data-element_type=\"column\" data-e-type=\"column\">\n\t\t\t<div class=\"elementor-widget-wrap elementor-element-populated\">\n\t\t\t\t\t\t<div class=\"elementor-element elementor-element-d31c3d8 sc_layouts_hide_on_tablet sc_layouts_hide_on_mobile sc_fly_static elementor-widget elementor-widget-spacer\" data-id=\"d31c3d8\" data-element_type=\"widget\" data-e-type=\"widget\" data-widget_type=\"spacer.default\">\n\t\t\t\t<div class=\"elementor-widget-container\">\n\t\t\t\t\t\t\t<div class=\"elementor-spacer\">\n\t\t\t<div class=\"elementor-spacer-inner\"><\/div>\n\t\t<\/div>\n\t\t\t\t\t\t<\/div>\n\t\t\t\t<\/div>\n\t\t\t\t<div class=\"elementor-element elementor-element-f22adf7 sc_style_default sc_fly_static elementor-widget elementor-widget-trx_sc_blogger\" data-id=\"f22adf7\" data-element_type=\"widget\" data-e-type=\"widget\" data-widget_type=\"trx_sc_blogger.default\">\n\t\t\t\t<div class=\"elementor-widget-container\">\n\t\t\t\t\t<div \t\tclass=\"sc_blogger sc_blogger_default sc_blogger_default_classic sc_item_filters_tabs_none alignnone\" ><div class=\"sc_blogger_columns_wrap sc_item_columns sc_item_posts_container trx_addons_columns_wrap columns_padding_bottom\" ><div class=\"trx_addons_column-1_2\"><div data-post-id=\"2599\" data-item-number=\"1\" class=\"sc_blogger_item sc_item_container post_container sc_blogger_item_default sc_blogger_item_default_classic sc_blogger_item_odd sc_blogger_item_align_none post_format_standard sc_blogger_item_with_image sc_blogger_item_with_excerpt sc_blogger_item_image_position_top post-2599 post type-post status-publish format-standard has-post-thumbnail hentry category-consejos-asesoria tag-family tag-litigation tag-society\" ><div class=\"sc_blogger_item_body\"><div class=\"post_featured with_thumb hover_link sc_item_featured sc_blogger_item_featured\"><img fetchpriority=\"high\" decoding=\"async\" width=\"575\" height=\"383\" src=\"https:\/\/assessoriacarlesmontero.com\/wp-content\/uploads\/2023\/06\/declracion-de-la-renta-carles-montero.jpg\" class=\"attachment-abogado-thumb-big size-abogado-thumb-big wp-post-image\" alt=\"\" srcset=\"https:\/\/assessoriacarlesmontero.com\/wp-content\/uploads\/2023\/06\/declracion-de-la-renta-carles-montero.jpg 575w, https:\/\/assessoriacarlesmontero.com\/wp-content\/uploads\/2023\/06\/declracion-de-la-renta-carles-montero-300x200.jpg 300w, https:\/\/assessoriacarlesmontero.com\/wp-content\/uploads\/2023\/06\/declracion-de-la-renta-carles-montero-370x246.jpg 370w, https:\/\/assessoriacarlesmontero.com\/wp-content\/uploads\/2023\/06\/declracion-de-la-renta-carles-montero-410x273.jpg 410w\" sizes=\"(max-width: 600px) 100vw, 575px\" \/>\t\t\t\t\t\t<div class=\"mask\"><\/div>\n\t\t\t\t\t\t\t\t\t<a href=\"https:\/\/assessoriacarlesmontero.com\/ca\/saber-antes-de-hacer-la-declaracion-de-la-renta\/\"  aria-hidden=\"true\" class=\"link\"><\/a>\n\t\t\t<\/div><div class=\"sc_blogger_item_content entry-content\"><h5 class=\"sc_blogger_item_title entry-title\" data-item-number=\"1\"><a href=\"https:\/\/assessoriacarlesmontero.com\/ca\/saber-antes-de-hacer-la-declaracion-de-la-renta\/\" rel=\"bookmark\">5 Coses Importants que Has de Saber Abans de Fer la Declaraci\u00f3 de la Renda<\/a><\/h5><div class=\"sc_blogger_item_excerpt\">Com a assessor fiscal amb anys d'experi\u00e8ncia en la gestoria Carles Montero, situada en el cor del barri de Gr\u00e0cia a Barcelona, vull compartir amb tu cinc punts clau que deuries\u2026<\/div><div class=\"sc_blogger_item_button sc_item_button\"><a href=\"https:\/\/assessoriacarlesmontero.com\/ca\/saber-antes-de-hacer-la-declaracion-de-la-renta\/\" class=\"item_more_link\"><span class=\"link_text\">Leer M\u00e1s<\/span><span class=\"link_icon\"><\/span><\/a><\/div><\/div><!-- .entry-content --><\/div><!-- .sc_blogger_item_body --><\/div><!-- .sc_blogger_item --><\/div><div class=\"trx_addons_column-1_2\"><div data-post-id=\"20692\" data-item-number=\"2\" class=\"sc_blogger_item sc_item_container post_container sc_blogger_item_default sc_blogger_item_default_classic sc_blogger_item_even sc_blogger_item_align_none post_format_standard sc_blogger_item_with_image sc_blogger_item_with_excerpt sc_blogger_item_image_position_top post-20692 post type-post status-publish format-standard has-post-thumbnail hentry category-consejos-asesoria tag-consejos tag-gestor\" ><div class=\"sc_blogger_item_body\"><div class=\"post_featured with_thumb hover_link sc_item_featured sc_blogger_item_featured\"><img decoding=\"async\" width=\"600\" height=\"400\" src=\"https:\/\/assessoriacarlesmontero.com\/wp-content\/uploads\/2023\/06\/gestoria-montero.jpg\" class=\"attachment-abogado-thumb-big size-abogado-thumb-big wp-post-image\" alt=\"\" srcset=\"https:\/\/assessoriacarlesmontero.com\/wp-content\/uploads\/2023\/06\/gestoria-montero.jpg 600w, https:\/\/assessoriacarlesmontero.com\/wp-content\/uploads\/2023\/06\/gestoria-montero-300x200.jpg 300w, https:\/\/assessoriacarlesmontero.com\/wp-content\/uploads\/2023\/06\/gestoria-montero-370x247.jpg 370w, https:\/\/assessoriacarlesmontero.com\/wp-content\/uploads\/2023\/06\/gestoria-montero-410x273.jpg 410w\" sizes=\"(max-width: 600px) 100vw, 600px\" \/>\t\t\t\t\t\t<div class=\"mask\"><\/div>\n\t\t\t\t\t\t\t\t\t<a href=\"https:\/\/assessoriacarlesmontero.com\/ca\/ventajas-de-contratar-a-un-gestori\/\"  aria-hidden=\"true\" class=\"link\"><\/a>\n\t\t\t<\/div><div class=\"sc_blogger_item_content entry-content\"><h5 class=\"sc_blogger_item_title entry-title\" data-item-number=\"2\"><a href=\"https:\/\/assessoriacarlesmontero.com\/ca\/ventajas-de-contratar-a-un-gestori\/\" rel=\"bookmark\">Avantatges de Contractar un Gestor Administratiu<\/a><\/h5><div class=\"sc_blogger_item_excerpt\">El m\u00f3n de la gesti\u00f3 administrativa pot ser conf\u00fas i complicat. Sabies que un gestor administratiu pot estalviar-te temps i diners? Si ets dels quals pensa que aquests professionals\u2026<\/div><div class=\"sc_blogger_item_button sc_item_button\"><a href=\"https:\/\/assessoriacarlesmontero.com\/ca\/ventajas-de-contratar-a-un-gestori\/\" class=\"item_more_link\"><span class=\"link_text\">Leer M\u00e1s<\/span><span class=\"link_icon\"><\/span><\/a><\/div><\/div><!-- .entry-content --><\/div><!-- .sc_blogger_item_body --><\/div><!-- .sc_blogger_item --><\/div><div class=\"trx_addons_column-1_2\"><div data-post-id=\"20738\" data-item-number=\"3\" class=\"sc_blogger_item sc_item_container post_container sc_blogger_item_default sc_blogger_item_default_classic sc_blogger_item_odd sc_blogger_item_align_none post_format_standard sc_blogger_item_with_image sc_blogger_item_with_excerpt sc_blogger_item_image_position_top post-20738 post type-post status-publish format-standard has-post-thumbnail hentry category-consejos-asesoria tag-consejos tag-gestor\" ><div class=\"sc_blogger_item_body\"><div class=\"post_featured with_thumb hover_link sc_item_featured sc_blogger_item_featured\"><img decoding=\"async\" width=\"600\" height=\"393\" src=\"https:\/\/assessoriacarlesmontero.com\/wp-content\/uploads\/2023\/06\/asesoria-laboral-carles-montero.jpg\" class=\"attachment-abogado-thumb-big size-abogado-thumb-big wp-post-image\" alt=\"\" srcset=\"https:\/\/assessoriacarlesmontero.com\/wp-content\/uploads\/2023\/06\/asesoria-laboral-carles-montero.jpg 600w, https:\/\/assessoriacarlesmontero.com\/wp-content\/uploads\/2023\/06\/asesoria-laboral-carles-montero-300x197.jpg 300w, https:\/\/assessoriacarlesmontero.com\/wp-content\/uploads\/2023\/06\/asesoria-laboral-carles-montero-370x242.jpg 370w, https:\/\/assessoriacarlesmontero.com\/wp-content\/uploads\/2023\/06\/asesoria-laboral-carles-montero-410x269.jpg 410w\" sizes=\"(max-width: 600px) 100vw, 600px\" \/>\t\t\t\t\t\t<div class=\"mask\"><\/div>\n\t\t\t\t\t\t\t\t\t<a href=\"https:\/\/assessoriacarlesmontero.com\/ca\/que-hacen-los-asesores-laborales\/\"  aria-hidden=\"true\" class=\"link\"><\/a>\n\t\t\t<\/div><div class=\"sc_blogger_item_content entry-content\"><h5 class=\"sc_blogger_item_title entry-title\" data-item-number=\"3\"><a href=\"https:\/\/assessoriacarlesmontero.com\/ca\/que-hacen-los-asesores-laborales\/\" rel=\"bookmark\">Qu\u00e8 fan els assessors laborals?<\/a><\/h5><div class=\"sc_blogger_item_excerpt\">Alguna vegada t'has preguntat quin \u00e9s el treball d'un assessor laboral? Per qu\u00e8 s\u00f3n una pe\u00e7a essencial en la gesti\u00f3 d'una empresa? En Gestoria Carles Montero, la teva\u2026<\/div><div class=\"sc_blogger_item_button sc_item_button\"><a href=\"https:\/\/assessoriacarlesmontero.com\/ca\/que-hacen-los-asesores-laborales\/\" class=\"item_more_link\"><span class=\"link_text\">Leer M\u00e1s<\/span><span class=\"link_icon\"><\/span><\/a><\/div><\/div><!-- .entry-content --><\/div><!-- .sc_blogger_item_body --><\/div><!-- .sc_blogger_item --><\/div><\/div><\/div>\t\t\t\t<\/div>\n\t\t\t\t<\/div>\n\t\t\t\t<div class=\"elementor-element elementor-element-8424714 sc_height_medium sc_fly_static elementor-widget elementor-widget-spacer\" data-id=\"8424714\" data-element_type=\"widget\" data-e-type=\"widget\" data-widget_type=\"spacer.default\">\n\t\t\t\t<div class=\"elementor-widget-container\">\n\t\t\t\t\t\t\t<div class=\"elementor-spacer\">\n\t\t\t<div class=\"elementor-spacer-inner\"><\/div>\n\t\t<\/div>\n\t\t\t\t\t\t<\/div>\n\t\t\t\t<\/div>\n\t\t\t\t\t<\/div>\n\t\t<\/div>\n\t\t\t\t\t<\/div>\n\t\t<\/section>\n\t\t\t\t<\/div>","protected":false},"excerpt":{"rendered":"<p>5 Cosas Importantes que Debes Saber Antes de Hacer la Declaraci\u00f3n de la Renta Como asesor fiscal con a\u00f1os de experiencia en la gestor\u00eda Carles Montero, situada en el coraz\u00f3n&hellip;<\/p>","protected":false},"author":1,"featured_media":0,"parent":0,"menu_order":0,"comment_status":"closed","ping_status":"closed","template":"","meta":{"footnotes":""},"class_list":["post-3068","page","type-page","status-publish","hentry"],"yoast_head":"<!-- This site is optimized with the Yoast SEO plugin v27.4 - https:\/\/yoast.com\/product\/yoast-seo-wordpress\/ -->\n<title>Blog - Carles Montero | Gestor&iacute;a asesor&iacute;a en Gr&agrave;cia<\/title>\n<meta name=\"robots\" content=\"index, follow, max-snippet:-1, max-image-preview:large, max-video-preview:-1\" \/>\n<link rel=\"canonical\" href=\"https:\/\/assessoriacarlesmontero.com\/ca\/cases-1\/\" \/>\n<meta property=\"og:locale\" content=\"ca_ES\" \/>\n<meta property=\"og:type\" content=\"article\" \/>\n<meta property=\"og:title\" content=\"Blog - Carles Montero | Gestor&iacute;a asesor&iacute;a en Gr&agrave;cia\" \/>\n<meta property=\"og:description\" content=\"5 Cosas Importantes que Debes Saber Antes de Hacer la Declaraci\u00f3n de la Renta Como asesor fiscal con a\u00f1os de experiencia en la gestor\u00eda Carles Montero, situada en el coraz\u00f3n&hellip;\" \/>\n<meta property=\"og:url\" content=\"https:\/\/assessoriacarlesmontero.com\/ca\/cases-1\/\" \/>\n<meta property=\"og:site_name\" content=\"Carles Montero | Gestor&iacute;a asesor&iacute;a en Gr&agrave;cia\" \/>\n<meta property=\"article:modified_time\" content=\"2023-06-07T10:52:06+00:00\" \/>\n<meta property=\"og:image\" content=\"https:\/\/assessoriacarlesmontero.com\/wp-content\/uploads\/2023\/06\/declracion-de-la-renta-carles-montero.jpg\" \/>\n<meta name=\"twitter:card\" content=\"summary_large_image\" \/>\n<meta name=\"twitter:label1\" content=\"Temps estimat de lectura\" \/>\n\t<meta name=\"twitter:data1\" content=\"1 minut\" \/>\n<script type=\"application\/ld+json\" class=\"yoast-schema-graph\">{\"@context\":\"https:\\\/\\\/schema.org\",\"@graph\":[{\"@type\":\"WebPage\",\"@id\":\"https:\\\/\\\/assessoriacarlesmontero.com\\\/cases-1\\\/\",\"url\":\"https:\\\/\\\/assessoriacarlesmontero.com\\\/cases-1\\\/\",\"name\":\"Blog - Carles Montero | Gestor&iacute;a asesor&iacute;a en Gr&agrave;cia\",\"isPartOf\":{\"@id\":\"https:\\\/\\\/assessoriacarlesmontero.com\\\/#website\"},\"primaryImageOfPage\":{\"@id\":\"https:\\\/\\\/assessoriacarlesmontero.com\\\/cases-1\\\/#primaryimage\"},\"image\":{\"@id\":\"https:\\\/\\\/assessoriacarlesmontero.com\\\/cases-1\\\/#primaryimage\"},\"thumbnailUrl\":\"https:\\\/\\\/assessoriacarlesmontero.com\\\/wp-content\\\/uploads\\\/2023\\\/06\\\/declracion-de-la-renta-carles-montero.jpg\",\"datePublished\":\"2020-05-20T13:00:15+00:00\",\"dateModified\":\"2023-06-07T10:52:06+00:00\",\"breadcrumb\":{\"@id\":\"https:\\\/\\\/assessoriacarlesmontero.com\\\/cases-1\\\/#breadcrumb\"},\"inLanguage\":\"ca\",\"potentialAction\":[{\"@type\":\"ReadAction\",\"target\":[\"https:\\\/\\\/assessoriacarlesmontero.com\\\/cases-1\\\/\"]}]},{\"@type\":\"ImageObject\",\"inLanguage\":\"ca\",\"@id\":\"https:\\\/\\\/assessoriacarlesmontero.com\\\/cases-1\\\/#primaryimage\",\"url\":\"https:\\\/\\\/assessoriacarlesmontero.com\\\/wp-content\\\/uploads\\\/2023\\\/06\\\/declracion-de-la-renta-carles-montero.jpg\",\"contentUrl\":\"https:\\\/\\\/assessoriacarlesmontero.com\\\/wp-content\\\/uploads\\\/2023\\\/06\\\/declracion-de-la-renta-carles-montero.jpg\"},{\"@type\":\"BreadcrumbList\",\"@id\":\"https:\\\/\\\/assessoriacarlesmontero.com\\\/cases-1\\\/#breadcrumb\",\"itemListElement\":[{\"@type\":\"ListItem\",\"position\":1,\"name\":\"Portada\",\"item\":\"https:\\\/\\\/assessoriacarlesmontero.com\\\/\"},{\"@type\":\"ListItem\",\"position\":2,\"name\":\"Blog\"}]},{\"@type\":\"WebSite\",\"@id\":\"https:\\\/\\\/assessoriacarlesmontero.com\\\/#website\",\"url\":\"https:\\\/\\\/assessoriacarlesmontero.com\\\/\",\"name\":\"Carles Montero | Gestor&iacute;a asesor&iacute;a en Gr&agrave;cia\",\"description\":\"Carles Montero | Gestor&iacute;a asesor&iacute;a en Gr&agrave;cia\",\"publisher\":{\"@id\":\"https:\\\/\\\/assessoriacarlesmontero.com\\\/#organization\"},\"potentialAction\":[{\"@type\":\"SearchAction\",\"target\":{\"@type\":\"EntryPoint\",\"urlTemplate\":\"https:\\\/\\\/assessoriacarlesmontero.com\\\/?s={search_term_string}\"},\"query-input\":{\"@type\":\"PropertyValueSpecification\",\"valueRequired\":true,\"valueName\":\"search_term_string\"}}],\"inLanguage\":\"ca\"},{\"@type\":\"Organization\",\"@id\":\"https:\\\/\\\/assessoriacarlesmontero.com\\\/#organization\",\"name\":\"Carles Montero | Gestor&iacute;a asesor&iacute;a en Gr&agrave;cia\",\"url\":\"https:\\\/\\\/assessoriacarlesmontero.com\\\/\",\"logo\":{\"@type\":\"ImageObject\",\"inLanguage\":\"ca\",\"@id\":\"https:\\\/\\\/assessoriacarlesmontero.com\\\/#\\\/schema\\\/logo\\\/image\\\/\",\"url\":\"https:\\\/\\\/assessoriacarlesmontero.com\\\/wp-content\\\/uploads\\\/2023\\\/06\\\/logo-carles-montero.png\",\"contentUrl\":\"https:\\\/\\\/assessoriacarlesmontero.com\\\/wp-content\\\/uploads\\\/2023\\\/06\\\/logo-carles-montero.png\",\"width\":250,\"height\":69,\"caption\":\"Carles Montero | Gestor&iacute;a asesor&iacute;a en Gr&agrave;cia\"},\"image\":{\"@id\":\"https:\\\/\\\/assessoriacarlesmontero.com\\\/#\\\/schema\\\/logo\\\/image\\\/\"}}]}<\/script>\n<!-- \/ Yoast SEO plugin. -->","yoast_head_json":{"title":"Blog - Carles Montero | Gestor&iacute;a asesor&iacute;a en Gr&agrave;cia","robots":{"index":"index","follow":"follow","max-snippet":"max-snippet:-1","max-image-preview":"max-image-preview:large","max-video-preview":"max-video-preview:-1"},"canonical":"https:\/\/assessoriacarlesmontero.com\/ca\/cases-1\/","og_locale":"ca_ES","og_type":"article","og_title":"Blog - Carles Montero | Gestor&iacute;a asesor&iacute;a en Gr&agrave;cia","og_description":"5 Cosas Importantes que Debes Saber Antes de Hacer la Declaraci\u00f3n de la Renta Como asesor fiscal con a\u00f1os de experiencia en la gestor\u00eda Carles Montero, situada en el coraz\u00f3n&hellip;","og_url":"https:\/\/assessoriacarlesmontero.com\/ca\/cases-1\/","og_site_name":"Carles Montero | Gestor&iacute;a asesor&iacute;a en Gr&agrave;cia","article_modified_time":"2023-06-07T10:52:06+00:00","og_image":[{"url":"https:\/\/assessoriacarlesmontero.com\/wp-content\/uploads\/2023\/06\/declracion-de-la-renta-carles-montero.jpg","type":"","width":"","height":""}],"twitter_card":"summary_large_image","twitter_misc":{"Temps estimat de lectura":"1 minut"},"schema":{"@context":"https:\/\/schema.org","@graph":[{"@type":"WebPage","@id":"https:\/\/assessoriacarlesmontero.com\/cases-1\/","url":"https:\/\/assessoriacarlesmontero.com\/cases-1\/","name":"Blog - Carles Montero | Gestor&iacute;a asesor&iacute;a en Gr&agrave;cia","isPartOf":{"@id":"https:\/\/assessoriacarlesmontero.com\/#website"},"primaryImageOfPage":{"@id":"https:\/\/assessoriacarlesmontero.com\/cases-1\/#primaryimage"},"image":{"@id":"https:\/\/assessoriacarlesmontero.com\/cases-1\/#primaryimage"},"thumbnailUrl":"https:\/\/assessoriacarlesmontero.com\/wp-content\/uploads\/2023\/06\/declracion-de-la-renta-carles-montero.jpg","datePublished":"2020-05-20T13:00:15+00:00","dateModified":"2023-06-07T10:52:06+00:00","breadcrumb":{"@id":"https:\/\/assessoriacarlesmontero.com\/cases-1\/#breadcrumb"},"inLanguage":"ca","potentialAction":[{"@type":"ReadAction","target":["https:\/\/assessoriacarlesmontero.com\/cases-1\/"]}]},{"@type":"ImageObject","inLanguage":"ca","@id":"https:\/\/assessoriacarlesmontero.com\/cases-1\/#primaryimage","url":"https:\/\/assessoriacarlesmontero.com\/wp-content\/uploads\/2023\/06\/declracion-de-la-renta-carles-montero.jpg","contentUrl":"https:\/\/assessoriacarlesmontero.com\/wp-content\/uploads\/2023\/06\/declracion-de-la-renta-carles-montero.jpg"},{"@type":"BreadcrumbList","@id":"https:\/\/assessoriacarlesmontero.com\/cases-1\/#breadcrumb","itemListElement":[{"@type":"ListItem","position":1,"name":"Portada","item":"https:\/\/assessoriacarlesmontero.com\/"},{"@type":"ListItem","position":2,"name":"Blog"}]},{"@type":"WebSite","@id":"https:\/\/assessoriacarlesmontero.com\/#website","url":"https:\/\/assessoriacarlesmontero.com\/","name":"Carles Montero | Gestor&iacute;a asesor&iacute;a en Gr&agrave;cia","description":"Carles Montero | Gestor&iacute;a asesor&iacute;a en Gr&agrave;cia","publisher":{"@id":"https:\/\/assessoriacarlesmontero.com\/#organization"},"potentialAction":[{"@type":"SearchAction","target":{"@type":"EntryPoint","urlTemplate":"https:\/\/assessoriacarlesmontero.com\/?s={search_term_string}"},"query-input":{"@type":"PropertyValueSpecification","valueRequired":true,"valueName":"search_term_string"}}],"inLanguage":"ca"},{"@type":"Organization","@id":"https:\/\/assessoriacarlesmontero.com\/#organization","name":"Carles Montero | Gestor&iacute;a asesor&iacute;a en Gr&agrave;cia","url":"https:\/\/assessoriacarlesmontero.com\/","logo":{"@type":"ImageObject","inLanguage":"ca","@id":"https:\/\/assessoriacarlesmontero.com\/#\/schema\/logo\/image\/","url":"https:\/\/assessoriacarlesmontero.com\/wp-content\/uploads\/2023\/06\/logo-carles-montero.png","contentUrl":"https:\/\/assessoriacarlesmontero.com\/wp-content\/uploads\/2023\/06\/logo-carles-montero.png","width":250,"height":69,"caption":"Carles Montero | Gestor&iacute;a asesor&iacute;a en Gr&agrave;cia"},"image":{"@id":"https:\/\/assessoriacarlesmontero.com\/#\/schema\/logo\/image\/"}}]}},"_links":{"self":[{"href":"https:\/\/assessoriacarlesmontero.com\/ca\/wp-json\/wp\/v2\/pages\/3068","targetHints":{"allow":["GET"]}}],"collection":[{"href":"https:\/\/assessoriacarlesmontero.com\/ca\/wp-json\/wp\/v2\/pages"}],"about":[{"href":"https:\/\/assessoriacarlesmontero.com\/ca\/wp-json\/wp\/v2\/types\/page"}],"author":[{"embeddable":true,"href":"https:\/\/assessoriacarlesmontero.com\/ca\/wp-json\/wp\/v2\/users\/1"}],"replies":[{"embeddable":true,"href":"https:\/\/assessoriacarlesmontero.com\/ca\/wp-json\/wp\/v2\/comments?post=3068"}],"version-history":[{"count":8,"href":"https:\/\/assessoriacarlesmontero.com\/ca\/wp-json\/wp\/v2\/pages\/3068\/revisions"}],"predecessor-version":[{"id":20745,"href":"https:\/\/assessoriacarlesmontero.com\/ca\/wp-json\/wp\/v2\/pages\/3068\/revisions\/20745"}],"wp:attachment":[{"href":"https:\/\/assessoriacarlesmontero.com\/ca\/wp-json\/wp\/v2\/media?parent=3068"}],"curies":[{"name":"wp","href":"https:\/\/api.w.org\/{rel}","templated":true}]}}